{"id":79,"date":"2019-05-28T13:58:25","date_gmt":"2019-05-28T11:58:25","guid":{"rendered":"https:\/\/gastvrijbreda.nl\/eten\/?page_id=79"},"modified":"2024-12-30T13:10:34","modified_gmt":"2024-12-30T12:10:34","slug":"fine-dining-nicolas-appert","status":"publish","type":"page","link":"https:\/\/gastvrijderooipannenbreda.nl\/eten\/fine-dining-nicolas-appert\/","title":{"rendered":"Fine Dining \u2013 Nicolas App\u00e8rt"},"content":{"rendered":"\n<div class=\"wp-block-genesis-blocks-gb-container gb-block-container alignfull\"><div class=\"gb-container-inside\"><div class=\"gb-container-image-wrap\"><img decoding=\"async\" class=\"gb-container-image has-background-dim-100 has-background-dim\" src=\"https:\/\/gastvrijbreda.nl\/eten\/wp-content\/uploads\/sites\/3\/2019\/06\/fine-dining.jpg\" alt=\"\" \/><\/div><div class=\"gb-container-content\" style=\"max-width:1200px\">\n<h1 class=\"wp-block-heading has-text-align-right\"><strong>Fine Dining<\/strong> Nicolas App\u00e8rt<\/h1>\n<\/div><\/div><\/div>\n\n\n\n<h2 class=\"wp-block-heading\">Fine dining Nicolas App\u00e8rt<\/h2>\n\n\n\n<div class=\"wp-block-columns has-2-columns is-layout-flex wp-container-core-columns-is-layout-9d6595d7 wp-block-columns-is-layout-flex\">\n<div class=\"wp-block-column is-layout-flow wp-block-column-is-layout-flow\">\n<p>De Franse suikerbakker Nicolas App\u00e8rt, een bekende voedseltechnoloog in de tijd van Napoleon, experimenteerde in die jaren met voedsel. App\u00e8rt maakte al siropen van suikergoed; hij verhitte de potten in water tot 100 graden Celsius en koelde deze vervolgens af. Zo wist hij ook vlees, groenten en fruit duurzaam te conserveren. De Franse regering kende App\u00e8rt in 1810 prijzengeld toe voor zijn uitvindingen. De troepen konden dankzij zijn weckpotten langere tijd ten strijde trekken. Bezwaar was wel dat de weckpotten erg zwaar en vooral breekbaar waren.<\/p>\n<\/div>\n\n\n\n<div class=\"wp-block-column is-layout-flow wp-block-column-is-layout-flow\">\n<p>In het fine dining restaurant kunt u uitgebreid tafelen en genieten van een heerlijk 3 of 4-gangen verrassingsmenu.  Fine dining \u2013 Nicolas App\u00e8rt staat voor kwaliteit, ambacht en het gebruik van verse streek- en seizoensgebonden ingredi\u00ebnten. U wordt als gast door onze studenten aan tafel ge\u00efnformeerd over het actuele menu. Daarnaast adviseren onze studenten u ook graag over bijpassende wijnen of bieren bij uw gerechten.<\/p>\n\n\n\n<p class=\"has-small-font-size\">Bij de reservering kunt u allergie\u00ebn of speciale verzoeken kenbaar maken en zullen wij de mogelijkheden met u bespreken.<\/p>\n<\/div>\n<\/div>\n\n\n\n<p class=\"has-text-align-center\"><strong>Geef ook De Rooi Pannen Gift Card cadeau. <\/strong><br>Verkrijgbaar in het onderwijshotel. Alleen te gebruiken bij onze restaurants Pierre Durand en Nicolas App\u00e8rt. <\/p>\n\n\n\n<div class=\"wp-block-media-text alignfull has-media-on-the-right is-stacked-on-mobile has-background has-gutenberg-4-background-color\"><div class=\"wp-block-media-text__content\">\n<h2 class=\"wp-block-heading\">Verrassingsmenu<\/h2>\n\n\n\n<ul class=\"wp-block-list\">\n<li><strong>3-gangen menu<\/strong> <strong>\u20ac22,50<\/strong><\/li>\n\n\n\n<li><strong>4-gangen \u20ac27,50<\/strong><\/li>\n<\/ul>\n\n\n\n<p><\/p>\n<\/div><figure class=\"wp-block-media-text__media\"><img loading=\"lazy\" decoding=\"async\" width=\"1024\" height=\"616\" src=\"https:\/\/gastvrijbreda.nl\/eten\/wp-content\/uploads\/sites\/3\/2019\/05\/gastvrije-sfeer-1024x616.jpg\" alt=\"\" class=\"wp-image-42 size-full\" srcset=\"https:\/\/gastvrijderooipannenbreda.nl\/eten\/wp-content\/uploads\/sites\/3\/2019\/05\/gastvrije-sfeer-1024x616.jpg 1024w, https:\/\/gastvrijderooipannenbreda.nl\/eten\/wp-content\/uploads\/sites\/3\/2019\/05\/gastvrije-sfeer-300x180.jpg 300w, https:\/\/gastvrijderooipannenbreda.nl\/eten\/wp-content\/uploads\/sites\/3\/2019\/05\/gastvrije-sfeer-768x462.jpg 768w, https:\/\/gastvrijderooipannenbreda.nl\/eten\/wp-content\/uploads\/sites\/3\/2019\/05\/gastvrije-sfeer-160x96.jpg 160w, https:\/\/gastvrijderooipannenbreda.nl\/eten\/wp-content\/uploads\/sites\/3\/2019\/05\/gastvrije-sfeer.jpg 1600w\" sizes=\"auto, (max-width: 1024px) 100vw, 1024px\" \/><\/figure><\/div>\n\n\n\n<div class=\"wp-block-columns has-2-columns is-layout-flex wp-container-core-columns-is-layout-9d6595d7 wp-block-columns-is-layout-flex\">\n<div class=\"wp-block-column buttons is-layout-flow wp-block-column-is-layout-flow\">\n<div class=\"wp-block-button alignleft\"><a class=\"wp-block-button__link has-gutenberg-1-color has-gutenberg-5-background-color has-text-color has-background wp-element-button\" href=\"https:\/\/bookings.zenchef.com\/results?rid=368479&amp;pid=1001\">Reserveren<\/a><\/div>\n\n\n\n<div class=\"wp-block-button alignright\"><a class=\"wp-block-button__link has-gutenberg-5-color has-gutenberg-1-background-color has-text-color has-background wp-element-button\" href=\"https:\/\/www.google.nl\/maps\/place\/Voormalige+Seeligkazerne\/@51.5844506,4.7704863,17z\/data=!3m1!4b1!4m5!3m4!1s0x47c6a028665f2a05:0xcda3e056d8b9178e!8m2!3d51.5844473!4d4.772675\">Routebeschrijving<\/a><\/div>\n<\/div>\n\n\n\n<div class=\"wp-block-column is-layout-flow wp-block-column-is-layout-flow\">\n<div class=\"wp-block-columns has-2-columns is-layout-flex wp-container-core-columns-is-layout-9d6595d7 wp-block-columns-is-layout-flex\">\n<div class=\"wp-block-column is-layout-flow wp-block-column-is-layout-flow\">\n<h2 class=\"wp-block-heading\">Geopend<\/h2>\n\n\n\n<p>Maandag t\/m vrijdag. <br>Lunch ontvangst tussen <strong>11:30 en 12:00 uur <\/strong>(uw tafel is gereserveerd tot  14:30 uur) <br>Diner ontvangst tussen <strong>17:30 en 18:00 uur<\/strong> (uw tafel is gereserveerd tot 21:30 uur)                <\/p>\n\n\n\n<p><strong>Reserveren is verplicht.<\/strong><\/p>\n<\/div>\n\n\n\n<div class=\"wp-block-column is-layout-flow wp-block-column-is-layout-flow\">\n<h2 class=\"wp-block-heading has-text-align-right\">Contact<\/h2>\n\n\n\n<p class=\"has-text-align-right\">Fellenoordstraat 93<br>4811 TH Breda<br>076-500 18 80 <br><a href=\"mailto:info.hotel.breda@derooipannen.nl\">info.hotel.breda@derooipannen.nl<\/a><\/p>\n<\/div>\n<\/div>\n<\/div>\n<\/div>\n\n\n\n<div style=\"background-color:#999999\" class=\"wp-block-genesis-blocks-gb-container gb-block-container alignfull\"><div class=\"gb-container-inside\"><div class=\"gb-container-content\" style=\"max-width:1200px\">\n<h2 class=\"wp-block-heading\">Sfeerimpressie<\/h2>\n\n\n\n<figure class=\"wp-block-gallery has-nested-images columns-default is-cropped wp-block-gallery-1 is-layout-flex wp-block-gallery-is-layout-flex\">\n<figure class=\"wp-block-image size-large\"><a href=\"https:\/\/gastvrijderooipannenbreda.nl\/eten\/wp-content\/uploads\/sites\/3\/2019\/05\/gastvrije-sfeer.jpg\"><img loading=\"lazy\" decoding=\"async\" width=\"1024\" height=\"616\" data-id=\"42\" src=\"https:\/\/gastvrijderooipannenbreda.nl\/eten\/wp-content\/uploads\/sites\/3\/2019\/05\/gastvrije-sfeer-1024x616.jpg\" alt=\"\" class=\"wp-image-42\" srcset=\"https:\/\/gastvrijderooipannenbreda.nl\/eten\/wp-content\/uploads\/sites\/3\/2019\/05\/gastvrije-sfeer-1024x616.jpg 1024w, https:\/\/gastvrijderooipannenbreda.nl\/eten\/wp-content\/uploads\/sites\/3\/2019\/05\/gastvrije-sfeer-300x180.jpg 300w, https:\/\/gastvrijderooipannenbreda.nl\/eten\/wp-content\/uploads\/sites\/3\/2019\/05\/gastvrije-sfeer-768x462.jpg 768w, https:\/\/gastvrijderooipannenbreda.nl\/eten\/wp-content\/uploads\/sites\/3\/2019\/05\/gastvrije-sfeer-160x96.jpg 160w, https:\/\/gastvrijderooipannenbreda.nl\/eten\/wp-content\/uploads\/sites\/3\/2019\/05\/gastvrije-sfeer.jpg 1600w\" sizes=\"auto, (max-width: 1024px) 100vw, 1024px\" \/><\/a><\/figure>\n\n\n\n<figure class=\"wp-block-image size-large\"><a href=\"https:\/\/gastvrijderooipannenbreda.nl\/eten\/wp-content\/uploads\/sites\/3\/2019\/06\/AIJ_9447.jpg\"><img loading=\"lazy\" decoding=\"async\" width=\"1024\" height=\"683\" data-id=\"178\" src=\"https:\/\/gastvrijderooipannenbreda.nl\/eten\/wp-content\/uploads\/sites\/3\/2019\/06\/AIJ_9447-1024x683.jpg\" alt=\"\" class=\"wp-image-178\" srcset=\"https:\/\/gastvrijderooipannenbreda.nl\/eten\/wp-content\/uploads\/sites\/3\/2019\/06\/AIJ_9447-1024x683.jpg 1024w, https:\/\/gastvrijderooipannenbreda.nl\/eten\/wp-content\/uploads\/sites\/3\/2019\/06\/AIJ_9447-300x200.jpg 300w, https:\/\/gastvrijderooipannenbreda.nl\/eten\/wp-content\/uploads\/sites\/3\/2019\/06\/AIJ_9447-768x512.jpg 768w, https:\/\/gastvrijderooipannenbreda.nl\/eten\/wp-content\/uploads\/sites\/3\/2019\/06\/AIJ_9447-160x107.jpg 160w, https:\/\/gastvrijderooipannenbreda.nl\/eten\/wp-content\/uploads\/sites\/3\/2019\/06\/AIJ_9447-600x400.jpg 600w, https:\/\/gastvrijderooipannenbreda.nl\/eten\/wp-content\/uploads\/sites\/3\/2019\/06\/AIJ_9447.jpg 1600w\" sizes=\"auto, (max-width: 1024px) 100vw, 1024px\" \/><\/a><\/figure>\n\n\n\n<figure class=\"wp-block-image size-large\"><a href=\"https:\/\/gastvrijderooipannenbreda.nl\/eten\/wp-content\/uploads\/sites\/3\/2021\/11\/Chocoladesouffle-1.jpg\"><img loading=\"lazy\" decoding=\"async\" width=\"1024\" height=\"768\" data-id=\"779\" src=\"https:\/\/gastvrijderooipannenbreda.nl\/eten\/wp-content\/uploads\/sites\/3\/2021\/11\/Chocoladesouffle-1-1024x768.jpg\" alt=\"\" class=\"wp-image-779\" srcset=\"https:\/\/gastvrijderooipannenbreda.nl\/eten\/wp-content\/uploads\/sites\/3\/2021\/11\/Chocoladesouffle-1-1024x768.jpg 1024w, https:\/\/gastvrijderooipannenbreda.nl\/eten\/wp-content\/uploads\/sites\/3\/2021\/11\/Chocoladesouffle-1-300x225.jpg 300w, https:\/\/gastvrijderooipannenbreda.nl\/eten\/wp-content\/uploads\/sites\/3\/2021\/11\/Chocoladesouffle-1-768x576.jpg 768w, https:\/\/gastvrijderooipannenbreda.nl\/eten\/wp-content\/uploads\/sites\/3\/2021\/11\/Chocoladesouffle-1-1536x1152.jpg 1536w, https:\/\/gastvrijderooipannenbreda.nl\/eten\/wp-content\/uploads\/sites\/3\/2021\/11\/Chocoladesouffle-1-160x120.jpg 160w, https:\/\/gastvrijderooipannenbreda.nl\/eten\/wp-content\/uploads\/sites\/3\/2021\/11\/Chocoladesouffle-1.jpg 1600w\" sizes=\"auto, (max-width: 1024px) 100vw, 1024px\" \/><\/a><\/figure>\n\n\n\n<figure class=\"wp-block-image size-large\"><a href=\"https:\/\/gastvrijderooipannenbreda.nl\/eten\/wp-content\/uploads\/sites\/3\/2019\/06\/De-Rooi-Pannen-Seelig-kazerne-20190215-04.jpg\"><img loading=\"lazy\" decoding=\"async\" width=\"1024\" height=\"791\" data-id=\"164\" src=\"https:\/\/gastvrijderooipannenbreda.nl\/eten\/wp-content\/uploads\/sites\/3\/2019\/06\/De-Rooi-Pannen-Seelig-kazerne-20190215-04-1024x791.jpg\" alt=\"\" class=\"wp-image-164\" srcset=\"https:\/\/gastvrijderooipannenbreda.nl\/eten\/wp-content\/uploads\/sites\/3\/2019\/06\/De-Rooi-Pannen-Seelig-kazerne-20190215-04-1024x791.jpg 1024w, https:\/\/gastvrijderooipannenbreda.nl\/eten\/wp-content\/uploads\/sites\/3\/2019\/06\/De-Rooi-Pannen-Seelig-kazerne-20190215-04-300x232.jpg 300w, https:\/\/gastvrijderooipannenbreda.nl\/eten\/wp-content\/uploads\/sites\/3\/2019\/06\/De-Rooi-Pannen-Seelig-kazerne-20190215-04-768x593.jpg 768w, https:\/\/gastvrijderooipannenbreda.nl\/eten\/wp-content\/uploads\/sites\/3\/2019\/06\/De-Rooi-Pannen-Seelig-kazerne-20190215-04-160x124.jpg 160w, https:\/\/gastvrijderooipannenbreda.nl\/eten\/wp-content\/uploads\/sites\/3\/2019\/06\/De-Rooi-Pannen-Seelig-kazerne-20190215-04.jpg 1600w\" sizes=\"auto, (max-width: 1024px) 100vw, 1024px\" \/><\/a><\/figure>\n\n\n\n<figure class=\"wp-block-image size-large\"><a href=\"https:\/\/gastvrijderooipannenbreda.nl\/eten\/wp-content\/uploads\/sites\/3\/2019\/06\/De-Rooi-Pannen-Breda-20190417-31.jpg\"><img loading=\"lazy\" decoding=\"async\" width=\"1024\" height=\"688\" data-id=\"163\" src=\"https:\/\/gastvrijderooipannenbreda.nl\/eten\/wp-content\/uploads\/sites\/3\/2019\/06\/De-Rooi-Pannen-Breda-20190417-31-1024x688.jpg\" alt=\"\" class=\"wp-image-163\" srcset=\"https:\/\/gastvrijderooipannenbreda.nl\/eten\/wp-content\/uploads\/sites\/3\/2019\/06\/De-Rooi-Pannen-Breda-20190417-31-1024x688.jpg 1024w, https:\/\/gastvrijderooipannenbreda.nl\/eten\/wp-content\/uploads\/sites\/3\/2019\/06\/De-Rooi-Pannen-Breda-20190417-31-300x202.jpg 300w, https:\/\/gastvrijderooipannenbreda.nl\/eten\/wp-content\/uploads\/sites\/3\/2019\/06\/De-Rooi-Pannen-Breda-20190417-31-768x516.jpg 768w, https:\/\/gastvrijderooipannenbreda.nl\/eten\/wp-content\/uploads\/sites\/3\/2019\/06\/De-Rooi-Pannen-Breda-20190417-31-160x108.jpg 160w, https:\/\/gastvrijderooipannenbreda.nl\/eten\/wp-content\/uploads\/sites\/3\/2019\/06\/De-Rooi-Pannen-Breda-20190417-31.jpg 1600w\" sizes=\"auto, (max-width: 1024px) 100vw, 1024px\" \/><\/a><\/figure>\n\n\n\n<figure class=\"wp-block-image size-large\"><a href=\"https:\/\/gastvrijderooipannenbreda.nl\/eten\/wp-content\/uploads\/sites\/3\/2019\/06\/Horeca-Breda-20190322-18.jpg\"><img loading=\"lazy\" decoding=\"async\" width=\"1024\" height=\"683\" data-id=\"160\" src=\"https:\/\/gastvrijderooipannenbreda.nl\/eten\/wp-content\/uploads\/sites\/3\/2019\/06\/Horeca-Breda-20190322-18-1024x683.jpg\" alt=\"\" class=\"wp-image-160\" srcset=\"https:\/\/gastvrijderooipannenbreda.nl\/eten\/wp-content\/uploads\/sites\/3\/2019\/06\/Horeca-Breda-20190322-18-1024x683.jpg 1024w, https:\/\/gastvrijderooipannenbreda.nl\/eten\/wp-content\/uploads\/sites\/3\/2019\/06\/Horeca-Breda-20190322-18-300x200.jpg 300w, https:\/\/gastvrijderooipannenbreda.nl\/eten\/wp-content\/uploads\/sites\/3\/2019\/06\/Horeca-Breda-20190322-18-768x512.jpg 768w, https:\/\/gastvrijderooipannenbreda.nl\/eten\/wp-content\/uploads\/sites\/3\/2019\/06\/Horeca-Breda-20190322-18-160x107.jpg 160w, https:\/\/gastvrijderooipannenbreda.nl\/eten\/wp-content\/uploads\/sites\/3\/2019\/06\/Horeca-Breda-20190322-18-600x400.jpg 600w, https:\/\/gastvrijderooipannenbreda.nl\/eten\/wp-content\/uploads\/sites\/3\/2019\/06\/Horeca-Breda-20190322-18.jpg 1600w\" sizes=\"auto, (max-width: 1024px) 100vw, 1024px\" \/><\/a><\/figure>\n<\/figure>\n\n\n\n<p><\/p>\n<\/div><\/div><\/div>\n\n\n\n<div style=\"color:#ddd\" class=\"wp-block-genesis-blocks-gb-spacer gb-block-spacer gb-divider-solid gb-divider-size-1\"><hr style=\"height:50px\" \/><\/div>\n\n\n\n<div class=\"wp-block-button aligncenter\"><a class=\"wp-block-button__link has-gutenberg-1-color has-gutenberg-5-background-color has-text-color has-background wp-element-button\" href=\"https:\/\/bookings.zenchef.com\/results?rid=368479&amp;pid=1001\">Reserveren<\/a><\/div>\n\n\n\n<div style=\"color:#ddd\" class=\"wp-block-genesis-blocks-gb-spacer gb-block-spacer gb-divider-solid gb-divider-size-1\"><hr style=\"height:30px\" \/><\/div>\n","protected":false},"excerpt":{"rendered":"<p>Fine dining Nicolas App\u00e8rt De Franse suikerbakker Nicolas App\u00e8rt, een bekende voedseltechnoloog in de tijd van Napoleon, experimenteerde in die jaren met [&hellip;]<\/p>\n","protected":false},"author":2,"featured_media":0,"parent":0,"menu_order":0,"comment_status":"closed","ping_status":"closed","template":"template-blocks.php","meta":{"_acf_changed":false,"_genesis_hide_title":false,"_genesis_hide_breadcrumbs":false,"_genesis_hide_singular_image":false,"_genesis_hide_footer_widgets":false,"_genesis_custom_body_class":"","_genesis_custom_post_class":"","_genesis_layout":"","footnotes":""},"class_list":{"0":"post-79","1":"page","2":"type-page","3":"status-publish","5":"entry"},"yoast_head":"<!-- This site is optimized with the Yoast SEO plugin v27.5 - https:\/\/yoast.com\/product\/yoast-seo-wordpress\/ -->\n<title>Fine Dining \u2013 Nicolas App\u00e8rt - Eten bij Gastvrij Breda<\/title>\n<meta name=\"robots\" content=\"index, follow, max-snippet:-1, max-image-preview:large, max-video-preview:-1\" \/>\n<link rel=\"canonical\" href=\"https:\/\/gastvrijderooipannenbreda.nl\/eten\/fine-dining-nicolas-appert\/\" \/>\n<meta property=\"og:locale\" content=\"nl_NL\" \/>\n<meta property=\"og:type\" content=\"article\" \/>\n<meta property=\"og:title\" content=\"Fine Dining \u2013 Nicolas App\u00e8rt - Eten bij Gastvrij Breda\" \/>\n<meta property=\"og:description\" content=\"Fine dining Nicolas App\u00e8rt De Franse suikerbakker Nicolas App\u00e8rt, een bekende voedseltechnoloog in de tijd van Napoleon, experimenteerde in die jaren met [&hellip;]\" \/>\n<meta property=\"og:url\" content=\"https:\/\/gastvrijderooipannenbreda.nl\/eten\/fine-dining-nicolas-appert\/\" \/>\n<meta property=\"og:site_name\" content=\"Eten bij Gastvrij Breda\" \/>\n<meta property=\"article:publisher\" content=\"https:\/\/www.facebook.com\/derooipannen.nl\/\" \/>\n<meta property=\"article:modified_time\" content=\"2024-12-30T12:10:34+00:00\" \/>\n<meta property=\"og:image\" content=\"https:\/\/gastvrijbreda.nl\/eten\/wp-content\/uploads\/sites\/3\/2019\/06\/fine-dining.jpg\" \/>\n<meta name=\"twitter:card\" content=\"summary_large_image\" \/>\n<meta name=\"twitter:label1\" content=\"Geschatte leestijd\" \/>\n\t<meta name=\"twitter:data1\" content=\"3 minuten\" \/>\n<script type=\"application\/ld+json\" class=\"yoast-schema-graph\">{\"@context\":\"https:\\\/\\\/schema.org\",\"@graph\":[{\"@type\":\"WebPage\",\"@id\":\"https:\\\/\\\/gastvrijderooipannenbreda.nl\\\/eten\\\/fine-dining-nicolas-appert\\\/\",\"url\":\"https:\\\/\\\/gastvrijderooipannenbreda.nl\\\/eten\\\/fine-dining-nicolas-appert\\\/\",\"name\":\"Fine Dining \u2013 Nicolas App\u00e8rt - Eten bij Gastvrij Breda\",\"isPartOf\":{\"@id\":\"https:\\\/\\\/gastvrijderooipannenbreda.nl\\\/eten\\\/#website\"},\"primaryImageOfPage\":{\"@id\":\"https:\\\/\\\/gastvrijderooipannenbreda.nl\\\/eten\\\/fine-dining-nicolas-appert\\\/#primaryimage\"},\"image\":{\"@id\":\"https:\\\/\\\/gastvrijderooipannenbreda.nl\\\/eten\\\/fine-dining-nicolas-appert\\\/#primaryimage\"},\"thumbnailUrl\":\"https:\\\/\\\/gastvrijbreda.nl\\\/eten\\\/wp-content\\\/uploads\\\/sites\\\/3\\\/2019\\\/06\\\/fine-dining.jpg\",\"datePublished\":\"2019-05-28T11:58:25+00:00\",\"dateModified\":\"2024-12-30T12:10:34+00:00\",\"breadcrumb\":{\"@id\":\"https:\\\/\\\/gastvrijderooipannenbreda.nl\\\/eten\\\/fine-dining-nicolas-appert\\\/#breadcrumb\"},\"inLanguage\":\"nl-NL\",\"potentialAction\":[{\"@type\":\"ReadAction\",\"target\":[\"https:\\\/\\\/gastvrijderooipannenbreda.nl\\\/eten\\\/fine-dining-nicolas-appert\\\/\"]}]},{\"@type\":\"ImageObject\",\"inLanguage\":\"nl-NL\",\"@id\":\"https:\\\/\\\/gastvrijderooipannenbreda.nl\\\/eten\\\/fine-dining-nicolas-appert\\\/#primaryimage\",\"url\":\"https:\\\/\\\/gastvrijbreda.nl\\\/eten\\\/wp-content\\\/uploads\\\/sites\\\/3\\\/2019\\\/06\\\/fine-dining.jpg\",\"contentUrl\":\"https:\\\/\\\/gastvrijbreda.nl\\\/eten\\\/wp-content\\\/uploads\\\/sites\\\/3\\\/2019\\\/06\\\/fine-dining.jpg\"},{\"@type\":\"BreadcrumbList\",\"@id\":\"https:\\\/\\\/gastvrijderooipannenbreda.nl\\\/eten\\\/fine-dining-nicolas-appert\\\/#breadcrumb\",\"itemListElement\":[{\"@type\":\"ListItem\",\"position\":1,\"name\":\"Home\",\"item\":\"https:\\\/\\\/gastvrijderooipannenbreda.nl\\\/eten\\\/\"},{\"@type\":\"ListItem\",\"position\":2,\"name\":\"Fine Dining \u2013 Nicolas App\u00e8rt\"}]},{\"@type\":\"WebSite\",\"@id\":\"https:\\\/\\\/gastvrijderooipannenbreda.nl\\\/eten\\\/#website\",\"url\":\"https:\\\/\\\/gastvrijderooipannenbreda.nl\\\/eten\\\/\",\"name\":\"Eten bij Gastvrij Breda\",\"description\":\"De Rooi Pannen\",\"publisher\":{\"@id\":\"https:\\\/\\\/gastvrijderooipannenbreda.nl\\\/eten\\\/#organization\"},\"potentialAction\":[{\"@type\":\"SearchAction\",\"target\":{\"@type\":\"EntryPoint\",\"urlTemplate\":\"https:\\\/\\\/gastvrijderooipannenbreda.nl\\\/eten\\\/?s={search_term_string}\"},\"query-input\":{\"@type\":\"PropertyValueSpecification\",\"valueRequired\":true,\"valueName\":\"search_term_string\"}}],\"inLanguage\":\"nl-NL\"},{\"@type\":\"Organization\",\"@id\":\"https:\\\/\\\/gastvrijderooipannenbreda.nl\\\/eten\\\/#organization\",\"name\":\"De Rooi Pannen - Gastvrij Breda\",\"url\":\"https:\\\/\\\/gastvrijderooipannenbreda.nl\\\/eten\\\/\",\"logo\":{\"@type\":\"ImageObject\",\"inLanguage\":\"nl-NL\",\"@id\":\"https:\\\/\\\/gastvrijderooipannenbreda.nl\\\/eten\\\/#\\\/schema\\\/logo\\\/image\\\/\",\"url\":\"https:\\\/\\\/gastvrijderooipannenbreda.nl\\\/eten\\\/wp-content\\\/uploads\\\/sites\\\/3\\\/2019\\\/05\\\/logo.png\",\"contentUrl\":\"https:\\\/\\\/gastvrijderooipannenbreda.nl\\\/eten\\\/wp-content\\\/uploads\\\/sites\\\/3\\\/2019\\\/05\\\/logo.png\",\"width\":1600,\"height\":324,\"caption\":\"De Rooi Pannen - Gastvrij Breda\"},\"image\":{\"@id\":\"https:\\\/\\\/gastvrijderooipannenbreda.nl\\\/eten\\\/#\\\/schema\\\/logo\\\/image\\\/\"},\"sameAs\":[\"https:\\\/\\\/www.facebook.com\\\/derooipannen.nl\\\/\",\"https:\\\/\\\/www.instagram.com\\\/de_rooi_pannen_horeca_breda\\\/\"]}]}<\/script>\n<!-- \/ Yoast SEO plugin. -->","yoast_head_json":{"title":"Fine Dining \u2013 Nicolas App\u00e8rt - Eten bij Gastvrij Breda","robots":{"index":"index","follow":"follow","max-snippet":"max-snippet:-1","max-image-preview":"max-image-preview:large","max-video-preview":"max-video-preview:-1"},"canonical":"https:\/\/gastvrijderooipannenbreda.nl\/eten\/fine-dining-nicolas-appert\/","og_locale":"nl_NL","og_type":"article","og_title":"Fine Dining \u2013 Nicolas App\u00e8rt - Eten bij Gastvrij Breda","og_description":"Fine dining Nicolas App\u00e8rt De Franse suikerbakker Nicolas App\u00e8rt, een bekende voedseltechnoloog in de tijd van Napoleon, experimenteerde in die jaren met [&hellip;]","og_url":"https:\/\/gastvrijderooipannenbreda.nl\/eten\/fine-dining-nicolas-appert\/","og_site_name":"Eten bij Gastvrij Breda","article_publisher":"https:\/\/www.facebook.com\/derooipannen.nl\/","article_modified_time":"2024-12-30T12:10:34+00:00","og_image":[{"url":"https:\/\/gastvrijbreda.nl\/eten\/wp-content\/uploads\/sites\/3\/2019\/06\/fine-dining.jpg","type":"","width":"","height":""}],"twitter_card":"summary_large_image","twitter_misc":{"Geschatte leestijd":"3 minuten"},"schema":{"@context":"https:\/\/schema.org","@graph":[{"@type":"WebPage","@id":"https:\/\/gastvrijderooipannenbreda.nl\/eten\/fine-dining-nicolas-appert\/","url":"https:\/\/gastvrijderooipannenbreda.nl\/eten\/fine-dining-nicolas-appert\/","name":"Fine Dining \u2013 Nicolas App\u00e8rt - Eten bij Gastvrij Breda","isPartOf":{"@id":"https:\/\/gastvrijderooipannenbreda.nl\/eten\/#website"},"primaryImageOfPage":{"@id":"https:\/\/gastvrijderooipannenbreda.nl\/eten\/fine-dining-nicolas-appert\/#primaryimage"},"image":{"@id":"https:\/\/gastvrijderooipannenbreda.nl\/eten\/fine-dining-nicolas-appert\/#primaryimage"},"thumbnailUrl":"https:\/\/gastvrijbreda.nl\/eten\/wp-content\/uploads\/sites\/3\/2019\/06\/fine-dining.jpg","datePublished":"2019-05-28T11:58:25+00:00","dateModified":"2024-12-30T12:10:34+00:00","breadcrumb":{"@id":"https:\/\/gastvrijderooipannenbreda.nl\/eten\/fine-dining-nicolas-appert\/#breadcrumb"},"inLanguage":"nl-NL","potentialAction":[{"@type":"ReadAction","target":["https:\/\/gastvrijderooipannenbreda.nl\/eten\/fine-dining-nicolas-appert\/"]}]},{"@type":"ImageObject","inLanguage":"nl-NL","@id":"https:\/\/gastvrijderooipannenbreda.nl\/eten\/fine-dining-nicolas-appert\/#primaryimage","url":"https:\/\/gastvrijbreda.nl\/eten\/wp-content\/uploads\/sites\/3\/2019\/06\/fine-dining.jpg","contentUrl":"https:\/\/gastvrijbreda.nl\/eten\/wp-content\/uploads\/sites\/3\/2019\/06\/fine-dining.jpg"},{"@type":"BreadcrumbList","@id":"https:\/\/gastvrijderooipannenbreda.nl\/eten\/fine-dining-nicolas-appert\/#breadcrumb","itemListElement":[{"@type":"ListItem","position":1,"name":"Home","item":"https:\/\/gastvrijderooipannenbreda.nl\/eten\/"},{"@type":"ListItem","position":2,"name":"Fine Dining \u2013 Nicolas App\u00e8rt"}]},{"@type":"WebSite","@id":"https:\/\/gastvrijderooipannenbreda.nl\/eten\/#website","url":"https:\/\/gastvrijderooipannenbreda.nl\/eten\/","name":"Eten bij Gastvrij Breda","description":"De Rooi Pannen","publisher":{"@id":"https:\/\/gastvrijderooipannenbreda.nl\/eten\/#organization"},"potentialAction":[{"@type":"SearchAction","target":{"@type":"EntryPoint","urlTemplate":"https:\/\/gastvrijderooipannenbreda.nl\/eten\/?s={search_term_string}"},"query-input":{"@type":"PropertyValueSpecification","valueRequired":true,"valueName":"search_term_string"}}],"inLanguage":"nl-NL"},{"@type":"Organization","@id":"https:\/\/gastvrijderooipannenbreda.nl\/eten\/#organization","name":"De Rooi Pannen - Gastvrij Breda","url":"https:\/\/gastvrijderooipannenbreda.nl\/eten\/","logo":{"@type":"ImageObject","inLanguage":"nl-NL","@id":"https:\/\/gastvrijderooipannenbreda.nl\/eten\/#\/schema\/logo\/image\/","url":"https:\/\/gastvrijderooipannenbreda.nl\/eten\/wp-content\/uploads\/sites\/3\/2019\/05\/logo.png","contentUrl":"https:\/\/gastvrijderooipannenbreda.nl\/eten\/wp-content\/uploads\/sites\/3\/2019\/05\/logo.png","width":1600,"height":324,"caption":"De Rooi Pannen - Gastvrij Breda"},"image":{"@id":"https:\/\/gastvrijderooipannenbreda.nl\/eten\/#\/schema\/logo\/image\/"},"sameAs":["https:\/\/www.facebook.com\/derooipannen.nl\/","https:\/\/www.instagram.com\/de_rooi_pannen_horeca_breda\/"]}]}},"acf":[],"featured_image_src":null,"featured_image_src_square":null,"_links":{"self":[{"href":"https:\/\/gastvrijderooipannenbreda.nl\/eten\/wp-json\/wp\/v2\/pages\/79","targetHints":{"allow":["GET"]}}],"collection":[{"href":"https:\/\/gastvrijderooipannenbreda.nl\/eten\/wp-json\/wp\/v2\/pages"}],"about":[{"href":"https:\/\/gastvrijderooipannenbreda.nl\/eten\/wp-json\/wp\/v2\/types\/page"}],"author":[{"embeddable":true,"href":"https:\/\/gastvrijderooipannenbreda.nl\/eten\/wp-json\/wp\/v2\/users\/2"}],"replies":[{"embeddable":true,"href":"https:\/\/gastvrijderooipannenbreda.nl\/eten\/wp-json\/wp\/v2\/comments?post=79"}],"version-history":[{"count":30,"href":"https:\/\/gastvrijderooipannenbreda.nl\/eten\/wp-json\/wp\/v2\/pages\/79\/revisions"}],"predecessor-version":[{"id":1217,"href":"https:\/\/gastvrijderooipannenbreda.nl\/eten\/wp-json\/wp\/v2\/pages\/79\/revisions\/1217"}],"wp:attachment":[{"href":"https:\/\/gastvrijderooipannenbreda.nl\/eten\/wp-json\/wp\/v2\/media?parent=79"}],"curies":[{"name":"wp","href":"https:\/\/api.w.org\/{rel}","templated":true}]}}