{"id":361,"date":"2019-05-28T13:58:25","date_gmt":"2019-05-28T11:58:25","guid":{"rendered":"https:\/\/gastvrijderooipannenbreda.nl\/eten\/fine-dining-nicolas-appert\/"},"modified":"2020-11-05T11:28:06","modified_gmt":"2020-11-05T10:28:06","slug":"fine-dining-nicolas-appert","status":"publish","type":"page","link":"https:\/\/gastvrijderooipannenbreda.nl\/eten\/en\/fine-dining-nicolas-appert\/","title":{"rendered":"Fine Dining \u2013 Nicolas App\u00e8rt"},"content":{"rendered":"\n<div class=\"wp-block-genesis-blocks-gb-container gb-block-container alignfull\"><div class=\"gb-container-inside\"><div class=\"gb-container-image-wrap\"><img decoding=\"async\" class=\"gb-container-image has-background-dim-100 has-background-dim\" src=\"https:\/\/gastvrijbreda.nl\/eten\/wp-content\/uploads\/sites\/3\/2019\/06\/fine-dining.jpg\" alt=\"\"\/><\/div><div class=\"gb-container-content\" style=\"max-width:1200px\">\n<h1 class=\"has-text-align-right wp-block-heading\"><strong>Fine Dining<\/strong> Nicolas App\u00e8rt<\/h1>\n<\/div><\/div><\/div>\n\n\n\n<h2 class=\"wp-block-heading\">Fine dining Nicolas App\u00e8rt<\/h2>\n\n\n\n<div class=\"wp-block-columns has-2-columns is-layout-flex wp-container-core-columns-is-layout-9d6595d7 wp-block-columns-is-layout-flex\">\n<div class=\"wp-block-column is-layout-flow wp-block-column-is-layout-flow\">\n<p>The French sugar baker Nicolas <a>App\u00e8rt<\/a>, a well-known food technologist from the time of Napoleon, experimented in those years with food. App\u00e8rt already made syrups from candy; he heated the pots in water to 100 degrees Celsius and then cooled them down. He succeeded to conserve meat, vegetables and fruit in a sustainable way. In 1810 the French government awarded <a>App\u00e8rt <\/a>prize money for his inventions. Thanks to their preserving jars the troops could go to war. One drawback was that the pots were rather heavy.<\/p>\n<\/div>\n\n\n\n<div class=\"wp-block-column is-layout-flow wp-block-column-is-layout-flow\">\n<p>In\nthis fine-dining restaurant you can dine extensively and enjoy a delicious\n3-course lunch menu or a 4-course dinner menu from the chef and prepared by the\nstudents.<\/p>\n\n\n\n<p>Fine-dining Nicolas App\u00e8rt\nmeans quality, craft and the use of fresh locally sourced and seasonal\nproducts. Moreover, our students are eager to advise you on matching wines or\nbeers to go with your dishes.<\/p>\n\n\n\n<p class=\"has-small-font-size\">When making a reservation you can indicate allergies or special requests and we will discuss the options with you.<\/p>\n<\/div>\n<\/div>\n\n\n\n<p class=\"has-text-align-center\"><strong>A nice present: De Rooi Pannen Gift Card. <\/strong><br>This card is available from the teaching hotel. It can only be used in our restaurants Pierre Durand and Nicolas App\u00e8rt<\/p>\n\n\n\n<div class=\"wp-block-media-text alignfull has-media-on-the-right has-background has-gutenberg-4-background-color is-stacked-on-mobile\"><figure class=\"wp-block-media-text__media\"><img loading=\"lazy\" decoding=\"async\" width=\"1024\" height=\"616\" src=\"https:\/\/gastvrijderooipannenbreda.nl\/eten\/wp-content\/uploads\/sites\/3\/2019\/06\/Horeca-Breda-20190322-22-1024x616.jpg\" alt=\"\" class=\"wp-image-315\" srcset=\"https:\/\/gastvrijderooipannenbreda.nl\/eten\/wp-content\/uploads\/sites\/3\/2019\/06\/Horeca-Breda-20190322-22-1024x616.jpg 1024w, https:\/\/gastvrijderooipannenbreda.nl\/eten\/wp-content\/uploads\/sites\/3\/2019\/06\/Horeca-Breda-20190322-22-300x180.jpg 300w, https:\/\/gastvrijderooipannenbreda.nl\/eten\/wp-content\/uploads\/sites\/3\/2019\/06\/Horeca-Breda-20190322-22-768x462.jpg 768w, https:\/\/gastvrijderooipannenbreda.nl\/eten\/wp-content\/uploads\/sites\/3\/2019\/06\/Horeca-Breda-20190322-22-160x96.jpg 160w, https:\/\/gastvrijderooipannenbreda.nl\/eten\/wp-content\/uploads\/sites\/3\/2019\/06\/Horeca-Breda-20190322-22.jpg 1600w\" sizes=\"auto, (max-width: 1024px) 100vw, 1024px\" \/><\/figure><div class=\"wp-block-media-text__content\">\n<h2 class=\"wp-block-heading\">Choice<\/h2>\n\n\n\n<p><strong>3-course lunch menu \u20ac18,50<\/strong><br>starter, main, dessert<\/p>\n\n\n\n<p><strong>4-course dinermenu \u20ac22,50<\/strong><br>Starter, entremets, main, dessert<\/p>\n<\/div><\/div>\n\n\n\n<div class=\"wp-block-columns has-2-columns is-layout-flex wp-container-core-columns-is-layout-9d6595d7 wp-block-columns-is-layout-flex\">\n<div class=\"wp-block-column buttons is-layout-flow wp-block-column-is-layout-flow\">\n<div class=\"wp-block-button alignleft\"><a class=\"wp-block-button__link has-text-color has-gutenberg-1-color has-background has-gutenberg-5-background-color\" href=\"https:\/\/www.resengo.com\/Flow\/?CompanyId=1749933&amp;ForceLC=NL\">Booking<\/a><\/div>\n\n\n\n<div class=\"wp-block-button alignright\"><a class=\"wp-block-button__link has-text-color has-gutenberg-5-color has-background has-gutenberg-1-background-color\" href=\"https:\/\/www.google.nl\/maps\/place\/Voormalige+Seeligkazerne\/@51.5844506,4.7704863,17z\/data=!3m1!4b1!4m5!3m4!1s0x47c6a028665f2a05:0xcda3e056d8b9178e!8m2!3d51.5844473!4d4.772675\">How to get there<\/a><\/div>\n<\/div>\n\n\n\n<div class=\"wp-block-column is-layout-flow wp-block-column-is-layout-flow\">\n<div class=\"wp-block-columns has-2-columns is-layout-flex wp-container-core-columns-is-layout-9d6595d7 wp-block-columns-is-layout-flex\">\n<div class=\"wp-block-column is-layout-flow wp-block-column-is-layout-flow\">\n<h2 class=\"wp-block-heading\">Open<\/h2>\n\n\n\n<p>Monday to Friday.<br> Start lunch at 11.45 am and dinner at 5.30 pm. <strong>Only based on reservation.<\/strong><\/p>\n<\/div>\n\n\n\n<div class=\"wp-block-column is-layout-flow wp-block-column-is-layout-flow\">\n<h2 class=\"has-text-align-right wp-block-heading\">Contact<\/h2>\n\n\n\n<p class=\"has-text-align-right\">Fellenoordstraat 93<br>4811 TH Breda<br>076-500 18 80<br><a href=\"mailto:info.hotel.breda@derooipannen.nl\">info.hotel.breda@derooipannen.nl<\/a><\/p>\n<\/div>\n<\/div>\n<\/div>\n<\/div>\n\n\n\n<div style=\"background-color:#999999\" class=\"wp-block-genesis-blocks-gb-container gb-block-container alignfull\"><div class=\"gb-container-inside\"><div class=\"gb-container-content\" style=\"max-width:1200px\">\n<h2 class=\"wp-block-heading\">Imporession<\/h2>\n\n\n\n<figure class=\"wp-block-gallery columns-3 is-cropped wp-block-gallery-1 is-layout-flex wp-block-gallery-is-layout-flex\"><ul class=\"blocks-gallery-grid\"><li class=\"blocks-gallery-item\"><figure><a href=\"https:\/\/gastvrijbreda.nl\/eten\/wp-content\/uploads\/sites\/3\/2019\/05\/gastvrije-sfeer-1024x616.jpg\"><img loading=\"lazy\" decoding=\"async\" width=\"1024\" height=\"616\" src=\"https:\/\/gastvrijbreda.nl\/eten\/wp-content\/uploads\/sites\/3\/2019\/05\/gastvrije-sfeer-1024x616.jpg\" alt=\"\" data-id=\"42\" data-link=\"https:\/\/gastvrijbreda.nl\/eten\/homepage\/attachment\/gastvrije-sfeer\/\" class=\"wp-image-42\" srcset=\"https:\/\/gastvrijderooipannenbreda.nl\/eten\/wp-content\/uploads\/sites\/3\/2019\/05\/gastvrije-sfeer-1024x616.jpg 1024w, https:\/\/gastvrijderooipannenbreda.nl\/eten\/wp-content\/uploads\/sites\/3\/2019\/05\/gastvrije-sfeer-300x180.jpg 300w, https:\/\/gastvrijderooipannenbreda.nl\/eten\/wp-content\/uploads\/sites\/3\/2019\/05\/gastvrije-sfeer-768x462.jpg 768w, https:\/\/gastvrijderooipannenbreda.nl\/eten\/wp-content\/uploads\/sites\/3\/2019\/05\/gastvrije-sfeer-160x96.jpg 160w, https:\/\/gastvrijderooipannenbreda.nl\/eten\/wp-content\/uploads\/sites\/3\/2019\/05\/gastvrije-sfeer.jpg 1600w\" sizes=\"auto, (max-width: 1024px) 100vw, 1024px\" \/><\/a><\/figure><\/li><li class=\"blocks-gallery-item\"><figure><a href=\"https:\/\/gastvrijbreda.nl\/eten\/wp-content\/uploads\/sites\/3\/2019\/05\/binnenkomst-1024x616.jpg\"><img loading=\"lazy\" decoding=\"async\" width=\"1024\" height=\"616\" src=\"https:\/\/gastvrijbreda.nl\/eten\/wp-content\/uploads\/sites\/3\/2019\/05\/binnenkomst-1024x616.jpg\" alt=\"\" data-id=\"44\" data-link=\"https:\/\/gastvrijbreda.nl\/eten\/homepage\/attachment\/binnenkomst\/\" class=\"wp-image-44\" srcset=\"https:\/\/gastvrijderooipannenbreda.nl\/eten\/wp-content\/uploads\/sites\/3\/2019\/05\/binnenkomst-1024x616.jpg 1024w, https:\/\/gastvrijderooipannenbreda.nl\/eten\/wp-content\/uploads\/sites\/3\/2019\/05\/binnenkomst-300x180.jpg 300w, https:\/\/gastvrijderooipannenbreda.nl\/eten\/wp-content\/uploads\/sites\/3\/2019\/05\/binnenkomst-768x462.jpg 768w, https:\/\/gastvrijderooipannenbreda.nl\/eten\/wp-content\/uploads\/sites\/3\/2019\/05\/binnenkomst-160x96.jpg 160w, https:\/\/gastvrijderooipannenbreda.nl\/eten\/wp-content\/uploads\/sites\/3\/2019\/05\/binnenkomst.jpg 1600w\" sizes=\"auto, (max-width: 1024px) 100vw, 1024px\" \/><\/a><\/figure><\/li><li class=\"blocks-gallery-item\"><figure><a href=\"https:\/\/gastvrijbreda.nl\/eten\/wp-content\/uploads\/sites\/3\/2019\/06\/Horeca-Breda-20190322-40-1024x694.jpg\"><img loading=\"lazy\" decoding=\"async\" width=\"1024\" height=\"694\" src=\"https:\/\/gastvrijbreda.nl\/eten\/wp-content\/uploads\/sites\/3\/2019\/06\/Horeca-Breda-20190322-40-1024x694.jpg\" alt=\"\" data-id=\"168\" data-link=\"https:\/\/gastvrijbreda.nl\/eten\/horeca-breda-20190322-40\/\" class=\"wp-image-168\" srcset=\"https:\/\/gastvrijderooipannenbreda.nl\/eten\/wp-content\/uploads\/sites\/3\/2019\/06\/Horeca-Breda-20190322-40-1024x694.jpg 1024w, https:\/\/gastvrijderooipannenbreda.nl\/eten\/wp-content\/uploads\/sites\/3\/2019\/06\/Horeca-Breda-20190322-40-300x203.jpg 300w, https:\/\/gastvrijderooipannenbreda.nl\/eten\/wp-content\/uploads\/sites\/3\/2019\/06\/Horeca-Breda-20190322-40-768x521.jpg 768w, https:\/\/gastvrijderooipannenbreda.nl\/eten\/wp-content\/uploads\/sites\/3\/2019\/06\/Horeca-Breda-20190322-40-160x109.jpg 160w, https:\/\/gastvrijderooipannenbreda.nl\/eten\/wp-content\/uploads\/sites\/3\/2019\/06\/Horeca-Breda-20190322-40.jpg 1600w\" sizes=\"auto, (max-width: 1024px) 100vw, 1024px\" \/><\/a><\/figure><\/li><li class=\"blocks-gallery-item\"><figure><a href=\"https:\/\/gastvrijbreda.nl\/eten\/wp-content\/uploads\/sites\/3\/2019\/06\/De-Rooi-Pannen-Seelig-kazerne-20190215-04-1024x791.jpg\"><img loading=\"lazy\" decoding=\"async\" width=\"1024\" height=\"791\" src=\"https:\/\/gastvrijbreda.nl\/eten\/wp-content\/uploads\/sites\/3\/2019\/06\/De-Rooi-Pannen-Seelig-kazerne-20190215-04-1024x791.jpg\" alt=\"\" data-id=\"164\" data-link=\"https:\/\/gastvrijbreda.nl\/eten\/de-rooi-pannen-seelig-kazerne-20190215-04\/\" class=\"wp-image-164\" srcset=\"https:\/\/gastvrijderooipannenbreda.nl\/eten\/wp-content\/uploads\/sites\/3\/2019\/06\/De-Rooi-Pannen-Seelig-kazerne-20190215-04-1024x791.jpg 1024w, https:\/\/gastvrijderooipannenbreda.nl\/eten\/wp-content\/uploads\/sites\/3\/2019\/06\/De-Rooi-Pannen-Seelig-kazerne-20190215-04-300x232.jpg 300w, https:\/\/gastvrijderooipannenbreda.nl\/eten\/wp-content\/uploads\/sites\/3\/2019\/06\/De-Rooi-Pannen-Seelig-kazerne-20190215-04-768x593.jpg 768w, https:\/\/gastvrijderooipannenbreda.nl\/eten\/wp-content\/uploads\/sites\/3\/2019\/06\/De-Rooi-Pannen-Seelig-kazerne-20190215-04-160x124.jpg 160w, https:\/\/gastvrijderooipannenbreda.nl\/eten\/wp-content\/uploads\/sites\/3\/2019\/06\/De-Rooi-Pannen-Seelig-kazerne-20190215-04.jpg 1600w\" sizes=\"auto, (max-width: 1024px) 100vw, 1024px\" \/><\/a><\/figure><\/li><li class=\"blocks-gallery-item\"><figure><a href=\"https:\/\/gastvrijbreda.nl\/eten\/wp-content\/uploads\/sites\/3\/2019\/06\/De-Rooi-Pannen-Breda-20190417-31-1024x688.jpg\"><img loading=\"lazy\" decoding=\"async\" width=\"1024\" height=\"688\" src=\"https:\/\/gastvrijbreda.nl\/eten\/wp-content\/uploads\/sites\/3\/2019\/06\/De-Rooi-Pannen-Breda-20190417-31-1024x688.jpg\" alt=\"\" data-id=\"163\" data-link=\"https:\/\/gastvrijbreda.nl\/eten\/de-rooi-pannen-breda-20190417-31\/\" class=\"wp-image-163\" srcset=\"https:\/\/gastvrijderooipannenbreda.nl\/eten\/wp-content\/uploads\/sites\/3\/2019\/06\/De-Rooi-Pannen-Breda-20190417-31-1024x688.jpg 1024w, https:\/\/gastvrijderooipannenbreda.nl\/eten\/wp-content\/uploads\/sites\/3\/2019\/06\/De-Rooi-Pannen-Breda-20190417-31-300x202.jpg 300w, https:\/\/gastvrijderooipannenbreda.nl\/eten\/wp-content\/uploads\/sites\/3\/2019\/06\/De-Rooi-Pannen-Breda-20190417-31-768x516.jpg 768w, https:\/\/gastvrijderooipannenbreda.nl\/eten\/wp-content\/uploads\/sites\/3\/2019\/06\/De-Rooi-Pannen-Breda-20190417-31-160x108.jpg 160w, https:\/\/gastvrijderooipannenbreda.nl\/eten\/wp-content\/uploads\/sites\/3\/2019\/06\/De-Rooi-Pannen-Breda-20190417-31.jpg 1600w\" sizes=\"auto, (max-width: 1024px) 100vw, 1024px\" \/><\/a><\/figure><\/li><li class=\"blocks-gallery-item\"><figure><a href=\"https:\/\/gastvrijbreda.nl\/eten\/wp-content\/uploads\/sites\/3\/2019\/06\/Horeca-Breda-20190322-18-1024x683.jpg\"><img loading=\"lazy\" decoding=\"async\" width=\"1024\" height=\"683\" src=\"https:\/\/gastvrijbreda.nl\/eten\/wp-content\/uploads\/sites\/3\/2019\/06\/Horeca-Breda-20190322-18-1024x683.jpg\" alt=\"\" data-id=\"160\" data-link=\"https:\/\/gastvrijbreda.nl\/eten\/homepage\/attachment\/horeca-breda-20190322-18\/\" class=\"wp-image-160\" srcset=\"https:\/\/gastvrijderooipannenbreda.nl\/eten\/wp-content\/uploads\/sites\/3\/2019\/06\/Horeca-Breda-20190322-18-1024x683.jpg 1024w, https:\/\/gastvrijderooipannenbreda.nl\/eten\/wp-content\/uploads\/sites\/3\/2019\/06\/Horeca-Breda-20190322-18-300x200.jpg 300w, https:\/\/gastvrijderooipannenbreda.nl\/eten\/wp-content\/uploads\/sites\/3\/2019\/06\/Horeca-Breda-20190322-18-768x512.jpg 768w, https:\/\/gastvrijderooipannenbreda.nl\/eten\/wp-content\/uploads\/sites\/3\/2019\/06\/Horeca-Breda-20190322-18-160x107.jpg 160w, https:\/\/gastvrijderooipannenbreda.nl\/eten\/wp-content\/uploads\/sites\/3\/2019\/06\/Horeca-Breda-20190322-18-600x400.jpg 600w, https:\/\/gastvrijderooipannenbreda.nl\/eten\/wp-content\/uploads\/sites\/3\/2019\/06\/Horeca-Breda-20190322-18.jpg 1600w\" sizes=\"auto, (max-width: 1024px) 100vw, 1024px\" \/><\/a><\/figure><\/li><\/ul><\/figure>\n\n\n\n<p><\/p>\n<\/div><\/div><\/div>\n\n\n\n<div style=\"color:#ddd\" class=\"wp-block-genesis-blocks-gb-spacer gb-block-spacer gb-divider-solid gb-divider-size-1\"><hr style=\"height:50px\"\/><\/div>\n\n\n\n<div class=\"wp-block-button aligncenter\"><a class=\"wp-block-button__link has-text-color has-gutenberg-1-color has-background has-gutenberg-5-background-color\" href=\"https:\/\/www.resengo.com\/Flow\/?CompanyId=1749933&amp;ForceLC=NL\">Book now<\/a><\/div>\n\n\n\n<div style=\"color:#ddd\" class=\"wp-block-genesis-blocks-gb-spacer gb-block-spacer gb-divider-solid gb-divider-size-1\"><hr style=\"height:30px\"\/><\/div>\n","protected":false},"excerpt":{"rendered":"<p>Fine dining Nicolas App\u00e8rt The French sugar baker Nicolas App\u00e8rt, a well-known food technologist from the time of Napoleon, experimented in those [&hellip;]<\/p>\n","protected":false},"author":2,"featured_media":0,"parent":0,"menu_order":0,"comment_status":"closed","ping_status":"closed","template":"template-blocks.php","meta":{"_acf_changed":false,"_genesis_hide_title":false,"_genesis_hide_breadcrumbs":false,"_genesis_hide_singular_image":false,"_genesis_hide_footer_widgets":false,"_genesis_custom_body_class":"","_genesis_custom_post_class":"","_genesis_layout":"","footnotes":""},"class_list":{"0":"post-361","1":"page","2":"type-page","3":"status-publish","5":"entry"},"yoast_head":"<!-- This site is optimized with the Yoast SEO plugin v27.4 - https:\/\/yoast.com\/product\/yoast-seo-wordpress\/ -->\n<title>Fine Dining \u2013 Nicolas App\u00e8rt - Eten bij Gastvrij Breda<\/title>\n<meta name=\"robots\" content=\"index, follow, max-snippet:-1, max-image-preview:large, max-video-preview:-1\" \/>\n<link rel=\"canonical\" href=\"https:\/\/gastvrijderooipannenbreda.nl\/eten\/en\/fine-dining-nicolas-appert\/\" \/>\n<meta property=\"og:locale\" content=\"en_US\" \/>\n<meta property=\"og:type\" content=\"article\" \/>\n<meta property=\"og:title\" content=\"Fine Dining \u2013 Nicolas App\u00e8rt - Eten bij Gastvrij Breda\" \/>\n<meta property=\"og:description\" content=\"Fine dining Nicolas App\u00e8rt The French sugar baker Nicolas App\u00e8rt, a well-known food technologist from the time of Napoleon, experimented in those [&hellip;]\" \/>\n<meta property=\"og:url\" content=\"https:\/\/gastvrijderooipannenbreda.nl\/eten\/en\/fine-dining-nicolas-appert\/\" \/>\n<meta property=\"og:site_name\" content=\"Eten bij Gastvrij Breda\" \/>\n<meta property=\"article:publisher\" content=\"https:\/\/www.facebook.com\/derooipannen.nl\/\" \/>\n<meta property=\"article:modified_time\" content=\"2020-11-05T10:28:06+00:00\" \/>\n<meta property=\"og:image\" content=\"https:\/\/gastvrijbreda.nl\/eten\/wp-content\/uploads\/sites\/3\/2019\/06\/fine-dining.jpg\" \/>\n<meta name=\"twitter:card\" content=\"summary_large_image\" \/>\n<meta name=\"twitter:label1\" content=\"Est. reading time\" \/>\n\t<meta name=\"twitter:data1\" content=\"1 minute\" \/>\n<script type=\"application\/ld+json\" class=\"yoast-schema-graph\">{\"@context\":\"https:\\\/\\\/schema.org\",\"@graph\":[{\"@type\":\"WebPage\",\"@id\":\"https:\\\/\\\/gastvrijderooipannenbreda.nl\\\/eten\\\/en\\\/fine-dining-nicolas-appert\\\/\",\"url\":\"https:\\\/\\\/gastvrijderooipannenbreda.nl\\\/eten\\\/en\\\/fine-dining-nicolas-appert\\\/\",\"name\":\"Fine Dining \u2013 Nicolas App\u00e8rt - Eten bij Gastvrij Breda\",\"isPartOf\":{\"@id\":\"https:\\\/\\\/gastvrijderooipannenbreda.nl\\\/eten\\\/en\\\/#website\"},\"primaryImageOfPage\":{\"@id\":\"https:\\\/\\\/gastvrijderooipannenbreda.nl\\\/eten\\\/en\\\/fine-dining-nicolas-appert\\\/#primaryimage\"},\"image\":{\"@id\":\"https:\\\/\\\/gastvrijderooipannenbreda.nl\\\/eten\\\/en\\\/fine-dining-nicolas-appert\\\/#primaryimage\"},\"thumbnailUrl\":\"https:\\\/\\\/gastvrijbreda.nl\\\/eten\\\/wp-content\\\/uploads\\\/sites\\\/3\\\/2019\\\/06\\\/fine-dining.jpg\",\"datePublished\":\"2019-05-28T11:58:25+00:00\",\"dateModified\":\"2020-11-05T10:28:06+00:00\",\"breadcrumb\":{\"@id\":\"https:\\\/\\\/gastvrijderooipannenbreda.nl\\\/eten\\\/en\\\/fine-dining-nicolas-appert\\\/#breadcrumb\"},\"inLanguage\":\"en-US\",\"potentialAction\":[{\"@type\":\"ReadAction\",\"target\":[\"https:\\\/\\\/gastvrijderooipannenbreda.nl\\\/eten\\\/en\\\/fine-dining-nicolas-appert\\\/\"]}]},{\"@type\":\"ImageObject\",\"inLanguage\":\"en-US\",\"@id\":\"https:\\\/\\\/gastvrijderooipannenbreda.nl\\\/eten\\\/en\\\/fine-dining-nicolas-appert\\\/#primaryimage\",\"url\":\"https:\\\/\\\/gastvrijbreda.nl\\\/eten\\\/wp-content\\\/uploads\\\/sites\\\/3\\\/2019\\\/06\\\/fine-dining.jpg\",\"contentUrl\":\"https:\\\/\\\/gastvrijbreda.nl\\\/eten\\\/wp-content\\\/uploads\\\/sites\\\/3\\\/2019\\\/06\\\/fine-dining.jpg\"},{\"@type\":\"BreadcrumbList\",\"@id\":\"https:\\\/\\\/gastvrijderooipannenbreda.nl\\\/eten\\\/en\\\/fine-dining-nicolas-appert\\\/#breadcrumb\",\"itemListElement\":[{\"@type\":\"ListItem\",\"position\":1,\"name\":\"Home\",\"item\":\"https:\\\/\\\/gastvrijderooipannenbreda.nl\\\/eten\\\/en\\\/\"},{\"@type\":\"ListItem\",\"position\":2,\"name\":\"Fine Dining \u2013 Nicolas App\u00e8rt\"}]},{\"@type\":\"WebSite\",\"@id\":\"https:\\\/\\\/gastvrijderooipannenbreda.nl\\\/eten\\\/en\\\/#website\",\"url\":\"https:\\\/\\\/gastvrijderooipannenbreda.nl\\\/eten\\\/en\\\/\",\"name\":\"Eten bij Gastvrij Breda\",\"description\":\"De Rooi Pannen\",\"publisher\":{\"@id\":\"https:\\\/\\\/gastvrijderooipannenbreda.nl\\\/eten\\\/en\\\/#organization\"},\"potentialAction\":[{\"@type\":\"SearchAction\",\"target\":{\"@type\":\"EntryPoint\",\"urlTemplate\":\"https:\\\/\\\/gastvrijderooipannenbreda.nl\\\/eten\\\/en\\\/?s={search_term_string}\"},\"query-input\":{\"@type\":\"PropertyValueSpecification\",\"valueRequired\":true,\"valueName\":\"search_term_string\"}}],\"inLanguage\":\"en-US\"},{\"@type\":\"Organization\",\"@id\":\"https:\\\/\\\/gastvrijderooipannenbreda.nl\\\/eten\\\/en\\\/#organization\",\"name\":\"De Rooi Pannen - Gastvrij Breda\",\"url\":\"https:\\\/\\\/gastvrijderooipannenbreda.nl\\\/eten\\\/en\\\/\",\"logo\":{\"@type\":\"ImageObject\",\"inLanguage\":\"en-US\",\"@id\":\"https:\\\/\\\/gastvrijderooipannenbreda.nl\\\/eten\\\/en\\\/#\\\/schema\\\/logo\\\/image\\\/\",\"url\":\"https:\\\/\\\/gastvrijderooipannenbreda.nl\\\/eten\\\/wp-content\\\/uploads\\\/sites\\\/3\\\/2019\\\/05\\\/logo.png\",\"contentUrl\":\"https:\\\/\\\/gastvrijderooipannenbreda.nl\\\/eten\\\/wp-content\\\/uploads\\\/sites\\\/3\\\/2019\\\/05\\\/logo.png\",\"width\":1600,\"height\":324,\"caption\":\"De Rooi Pannen - Gastvrij Breda\"},\"image\":{\"@id\":\"https:\\\/\\\/gastvrijderooipannenbreda.nl\\\/eten\\\/en\\\/#\\\/schema\\\/logo\\\/image\\\/\"},\"sameAs\":[\"https:\\\/\\\/www.facebook.com\\\/derooipannen.nl\\\/\",\"https:\\\/\\\/www.instagram.com\\\/de_rooi_pannen_horeca_breda\\\/\"]}]}<\/script>\n<!-- \/ Yoast SEO plugin. -->","yoast_head_json":{"title":"Fine Dining \u2013 Nicolas App\u00e8rt - Eten bij Gastvrij Breda","robots":{"index":"index","follow":"follow","max-snippet":"max-snippet:-1","max-image-preview":"max-image-preview:large","max-video-preview":"max-video-preview:-1"},"canonical":"https:\/\/gastvrijderooipannenbreda.nl\/eten\/en\/fine-dining-nicolas-appert\/","og_locale":"en_US","og_type":"article","og_title":"Fine Dining \u2013 Nicolas App\u00e8rt - Eten bij Gastvrij Breda","og_description":"Fine dining Nicolas App\u00e8rt The French sugar baker Nicolas App\u00e8rt, a well-known food technologist from the time of Napoleon, experimented in those [&hellip;]","og_url":"https:\/\/gastvrijderooipannenbreda.nl\/eten\/en\/fine-dining-nicolas-appert\/","og_site_name":"Eten bij Gastvrij Breda","article_publisher":"https:\/\/www.facebook.com\/derooipannen.nl\/","article_modified_time":"2020-11-05T10:28:06+00:00","og_image":[{"url":"https:\/\/gastvrijbreda.nl\/eten\/wp-content\/uploads\/sites\/3\/2019\/06\/fine-dining.jpg","type":"","width":"","height":""}],"twitter_card":"summary_large_image","twitter_misc":{"Est. reading time":"1 minute"},"schema":{"@context":"https:\/\/schema.org","@graph":[{"@type":"WebPage","@id":"https:\/\/gastvrijderooipannenbreda.nl\/eten\/en\/fine-dining-nicolas-appert\/","url":"https:\/\/gastvrijderooipannenbreda.nl\/eten\/en\/fine-dining-nicolas-appert\/","name":"Fine Dining \u2013 Nicolas App\u00e8rt - Eten bij Gastvrij Breda","isPartOf":{"@id":"https:\/\/gastvrijderooipannenbreda.nl\/eten\/en\/#website"},"primaryImageOfPage":{"@id":"https:\/\/gastvrijderooipannenbreda.nl\/eten\/en\/fine-dining-nicolas-appert\/#primaryimage"},"image":{"@id":"https:\/\/gastvrijderooipannenbreda.nl\/eten\/en\/fine-dining-nicolas-appert\/#primaryimage"},"thumbnailUrl":"https:\/\/gastvrijbreda.nl\/eten\/wp-content\/uploads\/sites\/3\/2019\/06\/fine-dining.jpg","datePublished":"2019-05-28T11:58:25+00:00","dateModified":"2020-11-05T10:28:06+00:00","breadcrumb":{"@id":"https:\/\/gastvrijderooipannenbreda.nl\/eten\/en\/fine-dining-nicolas-appert\/#breadcrumb"},"inLanguage":"en-US","potentialAction":[{"@type":"ReadAction","target":["https:\/\/gastvrijderooipannenbreda.nl\/eten\/en\/fine-dining-nicolas-appert\/"]}]},{"@type":"ImageObject","inLanguage":"en-US","@id":"https:\/\/gastvrijderooipannenbreda.nl\/eten\/en\/fine-dining-nicolas-appert\/#primaryimage","url":"https:\/\/gastvrijbreda.nl\/eten\/wp-content\/uploads\/sites\/3\/2019\/06\/fine-dining.jpg","contentUrl":"https:\/\/gastvrijbreda.nl\/eten\/wp-content\/uploads\/sites\/3\/2019\/06\/fine-dining.jpg"},{"@type":"BreadcrumbList","@id":"https:\/\/gastvrijderooipannenbreda.nl\/eten\/en\/fine-dining-nicolas-appert\/#breadcrumb","itemListElement":[{"@type":"ListItem","position":1,"name":"Home","item":"https:\/\/gastvrijderooipannenbreda.nl\/eten\/en\/"},{"@type":"ListItem","position":2,"name":"Fine Dining \u2013 Nicolas App\u00e8rt"}]},{"@type":"WebSite","@id":"https:\/\/gastvrijderooipannenbreda.nl\/eten\/en\/#website","url":"https:\/\/gastvrijderooipannenbreda.nl\/eten\/en\/","name":"Eten bij Gastvrij Breda","description":"De Rooi Pannen","publisher":{"@id":"https:\/\/gastvrijderooipannenbreda.nl\/eten\/en\/#organization"},"potentialAction":[{"@type":"SearchAction","target":{"@type":"EntryPoint","urlTemplate":"https:\/\/gastvrijderooipannenbreda.nl\/eten\/en\/?s={search_term_string}"},"query-input":{"@type":"PropertyValueSpecification","valueRequired":true,"valueName":"search_term_string"}}],"inLanguage":"en-US"},{"@type":"Organization","@id":"https:\/\/gastvrijderooipannenbreda.nl\/eten\/en\/#organization","name":"De Rooi Pannen - Gastvrij Breda","url":"https:\/\/gastvrijderooipannenbreda.nl\/eten\/en\/","logo":{"@type":"ImageObject","inLanguage":"en-US","@id":"https:\/\/gastvrijderooipannenbreda.nl\/eten\/en\/#\/schema\/logo\/image\/","url":"https:\/\/gastvrijderooipannenbreda.nl\/eten\/wp-content\/uploads\/sites\/3\/2019\/05\/logo.png","contentUrl":"https:\/\/gastvrijderooipannenbreda.nl\/eten\/wp-content\/uploads\/sites\/3\/2019\/05\/logo.png","width":1600,"height":324,"caption":"De Rooi Pannen - Gastvrij Breda"},"image":{"@id":"https:\/\/gastvrijderooipannenbreda.nl\/eten\/en\/#\/schema\/logo\/image\/"},"sameAs":["https:\/\/www.facebook.com\/derooipannen.nl\/","https:\/\/www.instagram.com\/de_rooi_pannen_horeca_breda\/"]}]}},"acf":[],"featured_image_src":null,"featured_image_src_square":null,"_links":{"self":[{"href":"https:\/\/gastvrijderooipannenbreda.nl\/eten\/en\/wp-json\/wp\/v2\/pages\/361","targetHints":{"allow":["GET"]}}],"collection":[{"href":"https:\/\/gastvrijderooipannenbreda.nl\/eten\/en\/wp-json\/wp\/v2\/pages"}],"about":[{"href":"https:\/\/gastvrijderooipannenbreda.nl\/eten\/en\/wp-json\/wp\/v2\/types\/page"}],"author":[{"embeddable":true,"href":"https:\/\/gastvrijderooipannenbreda.nl\/eten\/en\/wp-json\/wp\/v2\/users\/2"}],"replies":[{"embeddable":true,"href":"https:\/\/gastvrijderooipannenbreda.nl\/eten\/en\/wp-json\/wp\/v2\/comments?post=361"}],"version-history":[{"count":4,"href":"https:\/\/gastvrijderooipannenbreda.nl\/eten\/en\/wp-json\/wp\/v2\/pages\/361\/revisions"}],"predecessor-version":[{"id":572,"href":"https:\/\/gastvrijderooipannenbreda.nl\/eten\/en\/wp-json\/wp\/v2\/pages\/361\/revisions\/572"}],"wp:attachment":[{"href":"https:\/\/gastvrijderooipannenbreda.nl\/eten\/en\/wp-json\/wp\/v2\/media?parent=361"}],"curies":[{"name":"wp","href":"https:\/\/api.w.org\/{rel}","templated":true}]}}